{"id":25805,"date":"2022-06-11T14:46:27","date_gmt":"2022-06-11T14:46:27","guid":{"rendered":"http:\/\/la99olavarria.com.ar\/home\/?page_id=25805"},"modified":"2026-01-07T13:21:26","modified_gmt":"2026-01-07T13:21:26","slug":"elementor-25805","status":"publish","type":"page","link":"https:\/\/la99olavarria.com.ar\/home\/","title":{"rendered":"Home &#8211; 2"},"content":{"rendered":"\t\t<div data-elementor-type=\"wp-post\" data-elementor-id=\"25805\" class=\"elementor elementor-25805\">\n\t\t\t\t\t\t\t\t\t<section class=\"elementor-section elementor-top-section elementor-element elementor-element-9fdeccc elementor-section-boxed elementor-section-height-default elementor-section-height-default\" data-id=\"9fdeccc\" data-element_type=\"section\" data-settings=\"{&quot;background_background&quot;:&quot;classic&quot;}\">\n\t\t\t\t\t\t\t<div class=\"elementor-background-overlay\"><\/div>\n\t\t\t\t\t\t\t<div class=\"elementor-container elementor-column-gap-default\">\n\t\t\t\t\t<div class=\"elementor-column elementor-col-50 elementor-top-column elementor-element elementor-element-153bfef contenedor-audio\" data-id=\"153bfef\" data-element_type=\"column\">\n\t\t\t<div class=\"elementor-widget-wrap elementor-element-populated\">\n\t\t\t\t\t\t\t\t<div class=\"elementor-element elementor-element-8c291c3 elementor-widget elementor-widget-heading\" data-id=\"8c291c3\" data-element_type=\"widget\" data-widget_type=\"heading.default\">\n\t\t\t\t<div class=\"elementor-widget-container\">\n\t\t\t<style>\/*! elementor - v3.6.7 - 03-07-2022 *\/\n.elementor-heading-title{padding:0;margin:0;line-height:1}.elementor-widget-heading .elementor-heading-title[class*=elementor-size-]>a{color:inherit;font-size:inherit;line-height:inherit}.elementor-widget-heading .elementor-heading-title.elementor-size-small{font-size:15px}.elementor-widget-heading .elementor-heading-title.elementor-size-medium{font-size:19px}.elementor-widget-heading .elementor-heading-title.elementor-size-large{font-size:29px}.elementor-widget-heading .elementor-heading-title.elementor-size-xl{font-size:39px}.elementor-widget-heading .elementor-heading-title.elementor-size-xxl{font-size:59px}<\/style><h5 class=\"elementor-heading-title elementor-size-default\">Hace click y escuchanos en vivo<\/h5>\t\t<\/div>\n\t\t\t\t<\/div>\n\t\t\t\t<div class=\"elementor-element elementor-element-b361cde elementor-widget elementor-widget-html\" data-id=\"b361cde\" data-element_type=\"widget\" data-widget_type=\"html.default\">\n\t\t\t\t<div class=\"elementor-widget-container\">\n\t\t\t<a href=\"https:\/\/streaming6.locucionar.com:2020\/public\/fm999olavarria\" target=\"_blank\" onclick=\"window.open(this.href, this.target, 'width=400,height=600'); return false;\"><img decoding=\"async\" src=\"http:\/\/la99olavarria.com.ar\/home\/wp-content\/uploads\/2022\/07\/580b57fcd9996e24bc43c4f5.png\" width=\"120\" border=\"0\"><\/a>\t\t<\/div>\n\t\t\t\t<\/div>\n\t\t\t\t\t<\/div>\n\t\t<\/div>\n\t\t\t\t<div class=\"elementor-column elementor-col-50 elementor-top-column elementor-element elementor-element-bd0599d\" data-id=\"bd0599d\" data-element_type=\"column\">\n\t\t\t<div class=\"elementor-widget-wrap elementor-element-populated\">\n\t\t\t\t\t\t\t\t<div class=\"elementor-element elementor-element-ad0b768 elementor-widget elementor-widget-image\" data-id=\"ad0b768\" data-element_type=\"widget\" data-widget_type=\"image.default\">\n\t\t\t\t<div class=\"elementor-widget-container\">\n\t\t\t<style>\/*! elementor - v3.6.7 - 03-07-2022 *\/\n.elementor-widget-image{text-align:center}.elementor-widget-image a{display:inline-block}.elementor-widget-image a img[src$=\".svg\"]{width:48px}.elementor-widget-image img{vertical-align:middle;display:inline-block}<\/style>\t\t\t\t\t\t\t\t\t\t\t\t<img loading=\"lazy\" decoding=\"async\" width=\"300\" height=\"168\" src=\"https:\/\/la99olavarria.com.ar\/home\/wp-content\/uploads\/2017\/07\/logo-300x168.png\" class=\"attachment-medium size-medium\" alt=\"\" srcset=\"https:\/\/la99olavarria.com.ar\/home\/wp-content\/uploads\/2017\/07\/logo-300x168.png 300w, https:\/\/la99olavarria.com.ar\/home\/wp-content\/uploads\/2017\/07\/logo.png 574w\" sizes=\"auto, (max-width: 300px) 100vw, 300px\" \/>\t\t\t\t\t\t\t\t\t\t\t\t\t\t\t<\/div>\n\t\t\t\t<\/div>\n\t\t\t\t<div class=\"elementor-element elementor-element-d27622f elementor-widget elementor-widget-text-editor\" data-id=\"d27622f\" data-element_type=\"widget\" data-widget_type=\"text-editor.default\">\n\t\t\t\t<div class=\"elementor-widget-container\">\n\t\t\t<style>\/*! elementor - v3.6.7 - 03-07-2022 *\/\n.elementor-widget-text-editor.elementor-drop-cap-view-stacked .elementor-drop-cap{background-color:#818a91;color:#fff}.elementor-widget-text-editor.elementor-drop-cap-view-framed .elementor-drop-cap{color:#818a91;border:3px solid;background-color:transparent}.elementor-widget-text-editor:not(.elementor-drop-cap-view-default) .elementor-drop-cap{margin-top:8px}.elementor-widget-text-editor:not(.elementor-drop-cap-view-default) .elementor-drop-cap-letter{width:1em;height:1em}.elementor-widget-text-editor .elementor-drop-cap{float:left;text-align:center;line-height:1;font-size:50px}.elementor-widget-text-editor .elementor-drop-cap-letter{display:inline-block}<\/style>\t\t\t\tSIEMPRE A TU LADO\t\t\t\t\t\t<\/div>\n\t\t\t\t<\/div>\n\t\t\t\t\t<\/div>\n\t\t<\/div>\n\t\t\t\t\t\t\t<\/div>\n\t\t<\/section>\n\t\t\t\t<section class=\"elementor-section elementor-top-section elementor-element elementor-element-35aba8b elementor-section-boxed elementor-section-height-default elementor-section-height-default\" data-id=\"35aba8b\" data-element_type=\"section\" data-settings=\"{&quot;background_background&quot;:&quot;classic&quot;}\">\n\t\t\t\t\t\t<div class=\"elementor-container elementor-column-gap-default\">\n\t\t\t\t\t<div class=\"elementor-column elementor-col-50 elementor-top-column elementor-element elementor-element-60c4608\" data-id=\"60c4608\" data-element_type=\"column\">\n\t\t\t<div class=\"elementor-widget-wrap elementor-element-populated\">\n\t\t\t\t\t\t\t\t<div class=\"elementor-element elementor-element-d8a458a elementor-widget elementor-widget-text-editor\" data-id=\"d8a458a\" data-element_type=\"widget\" data-widget_type=\"text-editor.default\">\n\t\t\t\t<div class=\"elementor-widget-container\">\n\t\t\t\t\t\t\t<p>Fm 99.9 naci\u00f3 el 10 de mayo de 2012. Es una se\u00f1al de radio en FM ubicada en la calle Lamadrid 2380 de la ciudad de Olavarr\u00eda, en el centro de la provincia de Buenos Aires, Rep\u00fablica Argentina, nuestro radio de acci\u00f3n abarca entre 80 y 100 Km a la redonda, cubriendo de manera perfecta la zona urbana, localidades perif\u00e9ricas y ciudades vecinas.<\/p>\t\t\t\t\t\t<\/div>\n\t\t\t\t<\/div>\n\t\t\t\t\t<\/div>\n\t\t<\/div>\n\t\t\t\t<div class=\"elementor-column elementor-col-50 elementor-top-column elementor-element elementor-element-b83d23d\" data-id=\"b83d23d\" data-element_type=\"column\">\n\t\t\t<div class=\"elementor-widget-wrap elementor-element-populated\">\n\t\t\t\t\t\t\t\t<div class=\"elementor-element elementor-element-ef80d55 elementor-widget elementor-widget-image\" data-id=\"ef80d55\" data-element_type=\"widget\" data-widget_type=\"image.default\">\n\t\t\t\t<div class=\"elementor-widget-container\">\n\t\t\t\t\t\t\t\t\t\t\t\t\t\t\t<img loading=\"lazy\" decoding=\"async\" width=\"574\" height=\"321\" src=\"https:\/\/la99olavarria.com.ar\/home\/wp-content\/uploads\/2017\/07\/logo.png\" class=\"attachment-large size-large\" alt=\"\" srcset=\"https:\/\/la99olavarria.com.ar\/home\/wp-content\/uploads\/2017\/07\/logo.png 574w, https:\/\/la99olavarria.com.ar\/home\/wp-content\/uploads\/2017\/07\/logo-300x168.png 300w\" sizes=\"auto, (max-width: 574px) 100vw, 574px\" \/>\t\t\t\t\t\t\t\t\t\t\t\t\t\t\t<\/div>\n\t\t\t\t<\/div>\n\t\t\t\t\t<\/div>\n\t\t<\/div>\n\t\t\t\t\t\t\t<\/div>\n\t\t<\/section>\n\t\t\t\t<section class=\"elementor-section elementor-top-section elementor-element elementor-element-4557b5f elementor-section-full_width elementor-section-height-default elementor-section-height-default\" data-id=\"4557b5f\" data-element_type=\"section\">\n\t\t\t\t\t\t<div class=\"elementor-container elementor-column-gap-default\">\n\t\t\t\t\t<div class=\"elementor-column elementor-col-100 elementor-top-column elementor-element elementor-element-a03c798\" data-id=\"a03c798\" data-element_type=\"column\" data-settings=\"{&quot;background_background&quot;:&quot;classic&quot;}\">\n\t\t\t<div class=\"elementor-widget-wrap elementor-element-populated\">\n\t\t\t\t\t\t\t\t<div class=\"elementor-element elementor-element-55178e3 elementor-widget elementor-widget-google_maps\" data-id=\"55178e3\" data-element_type=\"widget\" data-widget_type=\"google_maps.default\">\n\t\t\t\t<div class=\"elementor-widget-container\">\n\t\t\t<style>\/*! elementor - v3.6.7 - 03-07-2022 *\/\n.elementor-widget-google_maps .elementor-widget-container{overflow:hidden}.elementor-widget-google_maps iframe{height:300px}<\/style>\t\t<div class=\"elementor-custom-embed\">\n\t\t\t<iframe frameborder=\"0\" scrolling=\"no\" marginheight=\"0\" marginwidth=\"0\"\n\t\t\t\t\tsrc=\"https:\/\/maps.google.com\/maps?q=Lamadrid%202380%20Olavarr%C3%ADa%20Provincia%20de%20Buenos%20Aires&#038;t=m&#038;z=15&#038;output=embed&#038;iwloc=near\"\n\t\t\t\t\ttitle=\"Lamadrid 2380 Olavarr\u00eda Provincia de Buenos Aires\"\n\t\t\t\t\taria-label=\"Lamadrid 2380 Olavarr\u00eda Provincia de Buenos Aires\"\n\t\t\t><\/iframe>\n\t\t<\/div>\n\t\t\t\t<\/div>\n\t\t\t\t<\/div>\n\t\t\t\t\t<\/div>\n\t\t<\/div>\n\t\t\t\t\t\t\t<\/div>\n\t\t<\/section>\n\t\t\t\t<section class=\"elementor-section elementor-top-section elementor-element elementor-element-d217a1b elementor-section-boxed elementor-section-height-default elementor-section-height-default\" data-id=\"d217a1b\" data-element_type=\"section\" data-settings=\"{&quot;background_background&quot;:&quot;classic&quot;}\">\n\t\t\t\t\t\t<div class=\"elementor-container elementor-column-gap-default\">\n\t\t\t\t\t<div class=\"elementor-column elementor-col-33 elementor-top-column elementor-element elementor-element-22ca5d8\" data-id=\"22ca5d8\" data-element_type=\"column\">\n\t\t\t<div class=\"elementor-widget-wrap elementor-element-populated\">\n\t\t\t\t\t\t\t\t<div class=\"elementor-element elementor-element-c7bbee9 elementor-widget elementor-widget-text-editor\" data-id=\"c7bbee9\" data-element_type=\"widget\" data-widget_type=\"text-editor.default\">\n\t\t\t\t<div class=\"elementor-widget-container\">\n\t\t\t\t\t\t\tDESCARGA LA APP\t\t\t\t\t\t<\/div>\n\t\t\t\t<\/div>\n\t\t\t\t<div class=\"elementor-element elementor-element-78211b6 elementor-widget elementor-widget-text-editor\" data-id=\"78211b6\" data-element_type=\"widget\" data-widget_type=\"text-editor.default\">\n\t\t\t\t<div class=\"elementor-widget-container\">\n\t\t\t\t\t\t\tFM 99.9 OLAVARRIA\t\t\t\t\t\t<\/div>\n\t\t\t\t<\/div>\n\t\t\t\t\t<\/div>\n\t\t<\/div>\n\t\t\t\t<div class=\"elementor-column elementor-col-33 elementor-top-column elementor-element elementor-element-ab73d6b\" data-id=\"ab73d6b\" data-element_type=\"column\">\n\t\t\t<div class=\"elementor-widget-wrap elementor-element-populated\">\n\t\t\t\t\t\t\t\t<div class=\"elementor-element elementor-element-b2471a9 elementor-widget elementor-widget-image\" data-id=\"b2471a9\" data-element_type=\"widget\" data-widget_type=\"image.default\">\n\t\t\t\t<div class=\"elementor-widget-container\">\n\t\t\t\t\t\t\t\t\t\t\t\t\t\t\t<img loading=\"lazy\" decoding=\"async\" width=\"339\" height=\"160\" src=\"https:\/\/la99olavarria.com.ar\/home\/wp-content\/uploads\/2017\/03\/qr-99.png\" class=\"attachment-large size-large\" alt=\"\" srcset=\"https:\/\/la99olavarria.com.ar\/home\/wp-content\/uploads\/2017\/03\/qr-99.png 339w, https:\/\/la99olavarria.com.ar\/home\/wp-content\/uploads\/2017\/03\/qr-99-300x142.png 300w\" sizes=\"auto, (max-width: 339px) 100vw, 339px\" \/>\t\t\t\t\t\t\t\t\t\t\t\t\t\t\t<\/div>\n\t\t\t\t<\/div>\n\t\t\t\t\t<\/div>\n\t\t<\/div>\n\t\t\t\t<div class=\"elementor-column elementor-col-33 elementor-top-column elementor-element elementor-element-c6b6a69\" data-id=\"c6b6a69\" data-element_type=\"column\">\n\t\t\t<div class=\"elementor-widget-wrap elementor-element-populated\">\n\t\t\t\t\t\t\t\t<div class=\"elementor-element elementor-element-7567f9a elementor-widget elementor-widget-text-editor\" data-id=\"7567f9a\" data-element_type=\"widget\" data-widget_type=\"text-editor.default\">\n\t\t\t\t<div class=\"elementor-widget-container\">\n\t\t\t\t\t\t\tDESCARGA LA APP\t\t\t\t\t\t<\/div>\n\t\t\t\t<\/div>\n\t\t\t\t<div class=\"elementor-element elementor-element-bedd01c elementor-widget elementor-widget-text-editor\" data-id=\"bedd01c\" data-element_type=\"widget\" data-widget_type=\"text-editor.default\">\n\t\t\t\t<div class=\"elementor-widget-container\">\n\t\t\t\t\t\t\tFM 99.9 OLAVARRIA\t\t\t\t\t\t<\/div>\n\t\t\t\t<\/div>\n\t\t\t\t\t<\/div>\n\t\t<\/div>\n\t\t\t\t\t\t\t<\/div>\n\t\t<\/section>\n\t\t\t\t<section class=\"elementor-section elementor-top-section elementor-element elementor-element-7f5313d elementor-section-boxed elementor-section-height-default elementor-section-height-default\" data-id=\"7f5313d\" data-element_type=\"section\" data-settings=\"{&quot;background_background&quot;:&quot;classic&quot;}\">\n\t\t\t\t\t\t<div class=\"elementor-container elementor-column-gap-default\">\n\t\t\t\t\t<div class=\"elementor-column elementor-col-100 elementor-top-column elementor-element elementor-element-9eee25b\" data-id=\"9eee25b\" data-element_type=\"column\">\n\t\t\t<div class=\"elementor-widget-wrap elementor-element-populated\">\n\t\t\t\t\t\t\t\t<div class=\"elementor-element elementor-element-7a456b7 elementor-widget elementor-widget-image-carousel\" data-id=\"7a456b7\" data-element_type=\"widget\" data-settings=\"{&quot;slides_to_show&quot;:&quot;5&quot;,&quot;navigation&quot;:&quot;none&quot;,&quot;autoplay&quot;:&quot;yes&quot;,&quot;pause_on_hover&quot;:&quot;yes&quot;,&quot;pause_on_interaction&quot;:&quot;yes&quot;,&quot;autoplay_speed&quot;:5000,&quot;infinite&quot;:&quot;yes&quot;,&quot;speed&quot;:500}\" data-widget_type=\"image-carousel.default\">\n\t\t\t\t<div class=\"elementor-widget-container\">\n\t\t\t<style>\/*! elementor - v3.6.7 - 03-07-2022 *\/\n.elementor-widget-image-carousel .swiper-container{position:static}.elementor-widget-image-carousel .swiper-container .swiper-slide figure{line-height:inherit}.elementor-widget-image-carousel .swiper-slide{text-align:center}.elementor-image-carousel-wrapper:not(.swiper-container-initialized) .swiper-slide{max-width:calc(100% \/ var(--e-image-carousel-slides-to-show, 3))}<\/style>\t\t<div class=\"elementor-image-carousel-wrapper swiper-container\" dir=\"ltr\">\n\t\t\t<div class=\"elementor-image-carousel swiper-wrapper\">\n\t\t\t\t\t\t\t\t<div class=\"swiper-slide\"><figure class=\"swiper-slide-inner\"><img decoding=\"async\" class=\"swiper-slide-image\" src=\"https:\/\/la99olavarria.com.ar\/home\/wp-content\/uploads\/2022\/06\/53-PAMPERO.jpg\" alt=\"53 - PAMPERO\" \/><\/figure><\/div><div class=\"swiper-slide\"><figure class=\"swiper-slide-inner\"><img decoding=\"async\" class=\"swiper-slide-image\" src=\"https:\/\/la99olavarria.com.ar\/home\/wp-content\/uploads\/2022\/06\/47-CLACE.jpg\" alt=\"47 - CLACE\" \/><\/figure><\/div><div class=\"swiper-slide\"><figure class=\"swiper-slide-inner\"><img decoding=\"async\" class=\"swiper-slide-image\" src=\"https:\/\/la99olavarria.com.ar\/home\/wp-content\/uploads\/2022\/06\/45-AQUILES.jpg\" alt=\"45 - AQUILES\" \/><\/figure><\/div><div class=\"swiper-slide\"><figure class=\"swiper-slide-inner\"><img decoding=\"async\" class=\"swiper-slide-image\" src=\"https:\/\/la99olavarria.com.ar\/home\/wp-content\/uploads\/2022\/06\/44-CENTRO-PINTURERIAS.jpg\" alt=\"44 - CENTRO PINTURERIAS\" \/><\/figure><\/div><div class=\"swiper-slide\"><figure class=\"swiper-slide-inner\"><img decoding=\"async\" class=\"swiper-slide-image\" src=\"https:\/\/la99olavarria.com.ar\/home\/wp-content\/uploads\/2022\/06\/51-LA-CASIANA.png\" alt=\"51 - LA CASIANA\" \/><\/figure><\/div><div class=\"swiper-slide\"><figure class=\"swiper-slide-inner\"><img decoding=\"async\" class=\"swiper-slide-image\" src=\"https:\/\/la99olavarria.com.ar\/home\/wp-content\/uploads\/2022\/06\/50-LA-CASA-DEL-SO\u00d1ADOR.png\" alt=\"50 - LA CASA DEL SO\u00d1ADOR\" \/><\/figure><\/div><div class=\"swiper-slide\"><figure class=\"swiper-slide-inner\"><img decoding=\"async\" class=\"swiper-slide-image\" src=\"https:\/\/la99olavarria.com.ar\/home\/wp-content\/uploads\/2022\/06\/49-FORRAJERIA-HUESITOS.jpg\" alt=\"49 - FORRAJERIA HUESITOS\" \/><\/figure><\/div><div class=\"swiper-slide\"><figure class=\"swiper-slide-inner\"><img decoding=\"async\" class=\"swiper-slide-image\" src=\"https:\/\/la99olavarria.com.ar\/home\/wp-content\/uploads\/2022\/06\/55-REINO-SPA.png\" alt=\"55 - REINO SPA\" \/><\/figure><\/div>\t\t\t<\/div>\n\t\t\t\t\t\t\t\t\t\t\t\t\t\t\t\t<\/div>\n\t\t\t\t<\/div>\n\t\t\t\t<\/div>\n\t\t\t\t\t<\/div>\n\t\t<\/div>\n\t\t\t\t\t\t\t<\/div>\n\t\t<\/section>\n\t\t\t\t\t\t\t<\/div>\n\t\t","protected":false},"excerpt":{"rendered":"<p>Hace click y escuchanos en vivo SIEMPRE A TU LADO Fm 99.9 naci\u00f3 el 10 de mayo de 2012. Es&#8230;<\/p>\n","protected":false},"author":2,"featured_media":0,"parent":0,"menu_order":0,"comment_status":"closed","ping_status":"closed","template":"elementor_header_footer","meta":{"footnotes":""},"class_list":["post-25805","page","type-page","status-publish","hentry"],"_links":{"self":[{"href":"https:\/\/la99olavarria.com.ar\/home\/index.php\/wp-json\/wp\/v2\/pages\/25805","targetHints":{"allow":["GET"]}}],"collection":[{"href":"https:\/\/la99olavarria.com.ar\/home\/index.php\/wp-json\/wp\/v2\/pages"}],"about":[{"href":"https:\/\/la99olavarria.com.ar\/home\/index.php\/wp-json\/wp\/v2\/types\/page"}],"author":[{"embeddable":true,"href":"https:\/\/la99olavarria.com.ar\/home\/index.php\/wp-json\/wp\/v2\/users\/2"}],"replies":[{"embeddable":true,"href":"https:\/\/la99olavarria.com.ar\/home\/index.php\/wp-json\/wp\/v2\/comments?post=25805"}],"version-history":[{"count":172,"href":"https:\/\/la99olavarria.com.ar\/home\/index.php\/wp-json\/wp\/v2\/pages\/25805\/revisions"}],"predecessor-version":[{"id":26737,"href":"https:\/\/la99olavarria.com.ar\/home\/index.php\/wp-json\/wp\/v2\/pages\/25805\/revisions\/26737"}],"wp:attachment":[{"href":"https:\/\/la99olavarria.com.ar\/home\/index.php\/wp-json\/wp\/v2\/media?parent=25805"}],"curies":[{"name":"wp","href":"https:\/\/api.w.org\/{rel}","templated":true}]}}