{"id":24607,"date":"2017-07-19T18:24:41","date_gmt":"2017-07-19T18:24:41","guid":{"rendered":"http:\/\/la99olavarria.com.ar\/home\/?page_id=24607"},"modified":"2022-07-26T14:17:16","modified_gmt":"2022-07-26T14:17:16","slug":"telefonos-utiles","status":"publish","type":"page","link":"https:\/\/la99olavarria.com.ar\/home\/index.php\/telefonos-utiles\/","title":{"rendered":"Tel\u00e9fonos Utiles"},"content":{"rendered":"<p>[vc_row][vc_column width=&#8221;1\/2&#8243;][vc_column_text]\u00b7 AER\u00d3DROMO PROVINCIAL: 445554<\/p>\n<p>\u00b7 ASUNTOS LEGALES: 444226<\/p>\n<p>\u00b7 BOMBEROS: Av. Col\u00f3n 3250 &#8211; 423849 &#8211; 413849 \u2013 100<\/p>\n<p>\u00b7BROMATOLOGIA: 423737<\/p>\n<p>\u00b7 CAMUZZI GAS PAMPEANA: Alsina 2938 &#8211; 444628 &#8211; 0810-666-0810<\/p>\n<p>\u00b7 CASA DE TIERRA: 444226 &#8211; interno 1753<\/p>\n<p>\u00b7 CATASTRO: 444226 &#8211; interno 1202<\/p>\n<p>\u00b7 CEMENTERIO MUNICIPAL: 423301<\/p>\n<p>\u00b7 CL\u00cdNICA CEMEDA: Av Trabajadores 3385 &#8211; 440101<\/p>\n<p>\u00b7 CL\u00cdNICA MARIA AUXILIADORA: Espa\u00f1a y San Mart\u00edn &#8211; 445100\/01\/02\/03 &#8211; 414150<\/p>\n<p>\u00b7 COMANDO DE PATRULLAS: Av. Brown 2914 &#8211; 442244<\/p>\n<p>\u00b7 CONTADURIA GRAL.: 446635 &#8211; interno 1101<\/p>\n<p>\u00b7 COOPELECTRIC: Belgrano 2850 &#8211; 411666<\/p>\n<p>\u00b7 COOPELECTRIC (Usina): Pelegrino y Maip\u00fa &#8211; 442305 \/ 442306<\/p>\n<p>\u00b7 COOPELECTRIC (Emergencias): 0800-222-0322 \/ 0800-150-0322<\/p>\n<p>\u00b7 DEFENSA CIVIL: Rivadavia 2801 &#8211; 412538<\/p>\n<p>\u00b7 DEFENSA DEL CONSUMIDOR: 418477\/78<\/p>\n<p>\u00b7 DELEGACION ESPIGAS: 02314-493010<\/p>\n<p>\u00b7 DELEGACION HINOJO: 491023<\/p>\n<p>\u00b7 DELEGACION LOMA NEGRA: 493000<\/p>\n<p>\u00b7 DELEGACION RECALDE: 02314 &#8211; 499100<\/p>\n<p>\u00b7 DELEGACION SANTA LUISA: 495522<\/p>\n<p>\u00b7 DELEGACION SIERRA CHICA: 492128<\/p>\n<p>\u00b7 DIRECCION DE PRENSA: 444226 interno 1600<\/p>\n<p>\u00b7 DROGA NO Y DENUNCIAS POR VENTA DE ALCOHOL: 0800-333-4236<\/p>\n<p>\u00b7 EMERGENCIAS MEDICAS: 107<\/p>\n<p>\u00b7 EMO: Alsina 2559 &#8211; 431000<\/p>\n<p>\u00b7 FERROSUR ROCA S.A.: Av. Pringles 3100 &#8211; 440330 \/ 440335\/ 440485\/ 440482<\/p>\n<p>[\/vc_column_text][\/vc_column][vc_column width=&#8221;1\/2&#8243;][vc_column_text]\u00b7 GUARDIA PEDIATRICA Y HOSPITALARIA: 440800 AL 804<\/p>\n<p>\u00b7 HABILITACIONES: 444226 interno 1027<\/p>\n<p>\u00b7 HOSPITAL: Alsina 4057 &#8211; 440800<\/p>\n<p>\u00b7 INSTITUTO MEDICO: Gral. Paz 2540 &#8211; 442401<\/p>\n<p>\u00b7 LICENCIA DE CONDUCIR: 414423\/26<\/p>\n<p>\u00b7 OBRAS SANITARIAS: Av. Del Valle y Pellegrini &#8211; 411222<\/p>\n<p>\u00b7 POLIC\u00cdA CRIA. 1\u00aa: Belgrano 2429 &#8211; 101 \/ 421111 \/ 422274<\/p>\n<p>\u00b7 POLIC\u00cdA CRIA. 2\u00aa San Mart\u00edn 3846 &#8211; 101 \/ 425500 \/ 427189<\/p>\n<p>\u00b7 POLIC\u00cdA &#8211; COMISARIA DE LA MUJER: 9 de Julio 2652 &#8211; 480100<\/p>\n<p>\u00b7 POLICIA FEDERAL: Av. Del Valle 3597 &#8211; 429701 \/ 420809<\/p>\n<p>\u00b7 SERVICIO LOCAL DE NI\u00d1EZ Y ADOLESCENCIA: 15544810<\/p>\n<p>\u00b7 SIRO (SISTEMA INTEGRAL DE RECLAMOS OLAVARRIA): 0800-999-7476<\/p>\n<p>\u00b7 TEATRO MUNICIPAL: Rivadavia y San Martin &#8211; 431607<\/p>\n<p>\u00b7 TERMINAL DE \u00d3MNIBUS: Av. Pringles 3190 &#8211; 420330[\/vc_column_text][\/vc_column][\/vc_row]<\/p>\n","protected":false},"excerpt":{"rendered":"<p>[vc_row][vc_column width=&#8221;1\/2&#8243;][vc_column_text]\u00b7 AER\u00d3DROMO PROVINCIAL: 445554 \u00b7 ASUNTOS LEGALES: 444226 \u00b7 BOMBEROS: Av. Col\u00f3n 3250 &#8211; 423849 &#8211; 413849 \u2013 100&#8230;<\/p>\n","protected":false},"author":1,"featured_media":0,"parent":0,"menu_order":0,"comment_status":"closed","ping_status":"closed","template":"","meta":{"footnotes":""},"class_list":["post-24607","page","type-page","status-publish","hentry"],"_links":{"self":[{"href":"https:\/\/la99olavarria.com.ar\/home\/index.php\/wp-json\/wp\/v2\/pages\/24607","targetHints":{"allow":["GET"]}}],"collection":[{"href":"https:\/\/la99olavarria.com.ar\/home\/index.php\/wp-json\/wp\/v2\/pages"}],"about":[{"href":"https:\/\/la99olavarria.com.ar\/home\/index.php\/wp-json\/wp\/v2\/types\/page"}],"author":[{"embeddable":true,"href":"https:\/\/la99olavarria.com.ar\/home\/index.php\/wp-json\/wp\/v2\/users\/1"}],"replies":[{"embeddable":true,"href":"https:\/\/la99olavarria.com.ar\/home\/index.php\/wp-json\/wp\/v2\/comments?post=24607"}],"version-history":[{"count":4,"href":"https:\/\/la99olavarria.com.ar\/home\/index.php\/wp-json\/wp\/v2\/pages\/24607\/revisions"}],"predecessor-version":[{"id":26527,"href":"https:\/\/la99olavarria.com.ar\/home\/index.php\/wp-json\/wp\/v2\/pages\/24607\/revisions\/26527"}],"wp:attachment":[{"href":"https:\/\/la99olavarria.com.ar\/home\/index.php\/wp-json\/wp\/v2\/media?parent=24607"}],"curies":[{"name":"wp","href":"https:\/\/api.w.org\/{rel}","templated":true}]}}